{"id":325,"date":"2019-11-02T12:27:57","date_gmt":"2019-11-02T11:27:57","guid":{"rendered":"https:\/\/www.lovebirds.click\/wp\/?page_id=325"},"modified":"2020-08-03T20:08:26","modified_gmt":"2020-08-03T18:08:26","slug":"kalender","status":"publish","type":"page","link":"https:\/\/www.lovebirds.click\/wp\/unsere-band\/kalender\/","title":{"rendered":"KALENDER"},"content":{"rendered":"\t\t<div data-elementor-type=\"wp-page\" data-elementor-id=\"325\" class=\"elementor elementor-325\">\n\t\t\t\t\t\t<section class=\"elementor-section elementor-top-section elementor-element elementor-element-17d3b05 elementor-section-boxed elementor-section-height-default elementor-section-height-default\" data-id=\"17d3b05\" data-element_type=\"section\">\n\t\t\t\t\t\t<div class=\"elementor-container elementor-column-gap-default\">\n\t\t\t\t\t<div class=\"elementor-column elementor-col-100 elementor-top-column elementor-element elementor-element-e22eaac\" data-id=\"e22eaac\" data-element_type=\"column\">\n\t\t\t<div class=\"elementor-widget-wrap elementor-element-populated\">\n\t\t\t\t\t\t<div class=\"elementor-element elementor-element-9a40b4e elementor-widget elementor-widget-heading\" data-id=\"9a40b4e\" data-element_type=\"widget\" data-widget_type=\"heading.default\">\n\t\t\t\t<div class=\"elementor-widget-container\">\n\t\t\t\t\t<h2 class=\"elementor-heading-title elementor-size-default\">Auftritte demn\u00e4chst<\/h2>\t\t\t\t<\/div>\n\t\t\t\t<\/div>\n\t\t\t\t\t<\/div>\n\t\t<\/div>\n\t\t\t\t\t<\/div>\n\t\t<\/section>\n\t\t\t\t<section class=\"elementor-section elementor-top-section elementor-element elementor-element-af5b1a4 elementor-section-boxed elementor-section-height-default elementor-section-height-default\" data-id=\"af5b1a4\" data-element_type=\"section\">\n\t\t\t\t\t\t<div class=\"elementor-container elementor-column-gap-default\">\n\t\t\t\t\t<div class=\"elementor-column elementor-col-100 elementor-top-column elementor-element elementor-element-9d8b2af\" data-id=\"9d8b2af\" data-element_type=\"column\">\n\t\t\t<div class=\"elementor-widget-wrap\">\n\t\t\t\t\t\t\t<\/div>\n\t\t<\/div>\n\t\t\t\t\t<\/div>\n\t\t<\/section>\n\t\t\t\t<\/div>\n\t\t","protected":false},"excerpt":{"rendered":"<p>Auftritte demn\u00e4chst<\/p>\n","protected":false},"author":1,"featured_media":0,"parent":178,"menu_order":1,"comment_status":"closed","ping_status":"closed","template":"","meta":{"h5ap_radio_sources":[],"footnotes":""},"class_list":["post-325","page","type-page","status-publish","hentry"],"yoast_head":"<!-- This site is optimized with the Yoast SEO plugin v26.6 - https:\/\/yoast.com\/wordpress\/plugins\/seo\/ -->\n<title>KALENDER | LOVEBIRDS ein \u00dcberblick unserer n\u00e4chsten Auftritte<\/title>\n<meta name=\"description\" content=\"Hier findest du den Kalender unserer n\u00e4chsten Termine \u2026\" \/>\n<meta name=\"robots\" content=\"index, follow, max-snippet:-1, max-image-preview:large, max-video-preview:-1\" \/>\n<link rel=\"canonical\" href=\"https:\/\/www.lovebirds.click\/wp\/unsere-band\/kalender\/\" \/>\n<meta property=\"og:locale\" content=\"de_DE\" \/>\n<meta property=\"og:type\" content=\"article\" \/>\n<meta property=\"og:title\" content=\"KALENDER | LOVEBIRDS ein \u00dcberblick unserer n\u00e4chsten Auftritte\" \/>\n<meta property=\"og:description\" content=\"Hier findest du den Kalender unserer n\u00e4chsten Termine \u2026\" \/>\n<meta property=\"og:url\" content=\"https:\/\/www.lovebirds.click\/wp\/unsere-band\/kalender\/\" \/>\n<meta property=\"og:site_name\" content=\"LOVEBIRDS\" \/>\n<meta property=\"article:modified_time\" content=\"2020-08-03T18:08:26+00:00\" \/>\n<meta name=\"twitter:card\" content=\"summary_large_image\" \/>\n<script type=\"application\/ld+json\" class=\"yoast-schema-graph\">{\"@context\":\"https:\/\/schema.org\",\"@graph\":[{\"@type\":\"WebPage\",\"@id\":\"https:\/\/www.lovebirds.click\/wp\/unsere-band\/kalender\/\",\"url\":\"https:\/\/www.lovebirds.click\/wp\/unsere-band\/kalender\/\",\"name\":\"KALENDER | LOVEBIRDS ein \u00dcberblick unserer n\u00e4chsten Auftritte\",\"isPartOf\":{\"@id\":\"https:\/\/www.lovebirds.click\/wp\/#website\"},\"datePublished\":\"2019-11-02T11:27:57+00:00\",\"dateModified\":\"2020-08-03T18:08:26+00:00\",\"description\":\"Hier findest du den Kalender unserer n\u00e4chsten Termine \u2026\",\"breadcrumb\":{\"@id\":\"https:\/\/www.lovebirds.click\/wp\/unsere-band\/kalender\/#breadcrumb\"},\"inLanguage\":\"de\",\"potentialAction\":[{\"@type\":\"ReadAction\",\"target\":[\"https:\/\/www.lovebirds.click\/wp\/unsere-band\/kalender\/\"]}]},{\"@type\":\"BreadcrumbList\",\"@id\":\"https:\/\/www.lovebirds.click\/wp\/unsere-band\/kalender\/#breadcrumb\",\"itemListElement\":[{\"@type\":\"ListItem\",\"position\":1,\"name\":\"Startseite\",\"item\":\"https:\/\/www.lovebirds.click\/wp\/\"},{\"@type\":\"ListItem\",\"position\":2,\"name\":\"STARTSEITE\",\"item\":\"https:\/\/www.lovebirds.click\/wp\/\"},{\"@type\":\"ListItem\",\"position\":3,\"name\":\"KALENDER\"}]},{\"@type\":\"WebSite\",\"@id\":\"https:\/\/www.lovebirds.click\/wp\/#website\",\"url\":\"https:\/\/www.lovebirds.click\/wp\/\",\"name\":\"LOVEBIRDS\",\"description\":\"Musik f\u00fcr die sch\u00f6nen Momente im Leben\",\"publisher\":{\"@id\":\"https:\/\/www.lovebirds.click\/wp\/#organization\"},\"potentialAction\":[{\"@type\":\"SearchAction\",\"target\":{\"@type\":\"EntryPoint\",\"urlTemplate\":\"https:\/\/www.lovebirds.click\/wp\/?s={search_term_string}\"},\"query-input\":{\"@type\":\"PropertyValueSpecification\",\"valueRequired\":true,\"valueName\":\"search_term_string\"}}],\"inLanguage\":\"de\"},{\"@type\":\"Organization\",\"@id\":\"https:\/\/www.lovebirds.click\/wp\/#organization\",\"name\":\"The LOVEBIRDS\",\"url\":\"https:\/\/www.lovebirds.click\/wp\/\",\"logo\":{\"@type\":\"ImageObject\",\"inLanguage\":\"de\",\"@id\":\"https:\/\/www.lovebirds.click\/wp\/#\/schema\/logo\/image\/\",\"url\":\"\",\"contentUrl\":\"\",\"caption\":\"The LOVEBIRDS\"},\"image\":{\"@id\":\"https:\/\/www.lovebirds.click\/wp\/#\/schema\/logo\/image\/\"}}]}<\/script>\n<!-- \/ Yoast SEO plugin. -->","yoast_head_json":{"title":"KALENDER | LOVEBIRDS ein \u00dcberblick unserer n\u00e4chsten Auftritte","description":"Hier findest du den Kalender unserer n\u00e4chsten Termine \u2026","robots":{"index":"index","follow":"follow","max-snippet":"max-snippet:-1","max-image-preview":"max-image-preview:large","max-video-preview":"max-video-preview:-1"},"canonical":"https:\/\/www.lovebirds.click\/wp\/unsere-band\/kalender\/","og_locale":"de_DE","og_type":"article","og_title":"KALENDER | LOVEBIRDS ein \u00dcberblick unserer n\u00e4chsten Auftritte","og_description":"Hier findest du den Kalender unserer n\u00e4chsten Termine \u2026","og_url":"https:\/\/www.lovebirds.click\/wp\/unsere-band\/kalender\/","og_site_name":"LOVEBIRDS","article_modified_time":"2020-08-03T18:08:26+00:00","twitter_card":"summary_large_image","schema":{"@context":"https:\/\/schema.org","@graph":[{"@type":"WebPage","@id":"https:\/\/www.lovebirds.click\/wp\/unsere-band\/kalender\/","url":"https:\/\/www.lovebirds.click\/wp\/unsere-band\/kalender\/","name":"KALENDER | LOVEBIRDS ein \u00dcberblick unserer n\u00e4chsten Auftritte","isPartOf":{"@id":"https:\/\/www.lovebirds.click\/wp\/#website"},"datePublished":"2019-11-02T11:27:57+00:00","dateModified":"2020-08-03T18:08:26+00:00","description":"Hier findest du den Kalender unserer n\u00e4chsten Termine \u2026","breadcrumb":{"@id":"https:\/\/www.lovebirds.click\/wp\/unsere-band\/kalender\/#breadcrumb"},"inLanguage":"de","potentialAction":[{"@type":"ReadAction","target":["https:\/\/www.lovebirds.click\/wp\/unsere-band\/kalender\/"]}]},{"@type":"BreadcrumbList","@id":"https:\/\/www.lovebirds.click\/wp\/unsere-band\/kalender\/#breadcrumb","itemListElement":[{"@type":"ListItem","position":1,"name":"Startseite","item":"https:\/\/www.lovebirds.click\/wp\/"},{"@type":"ListItem","position":2,"name":"STARTSEITE","item":"https:\/\/www.lovebirds.click\/wp\/"},{"@type":"ListItem","position":3,"name":"KALENDER"}]},{"@type":"WebSite","@id":"https:\/\/www.lovebirds.click\/wp\/#website","url":"https:\/\/www.lovebirds.click\/wp\/","name":"LOVEBIRDS","description":"Musik f\u00fcr die sch\u00f6nen Momente im Leben","publisher":{"@id":"https:\/\/www.lovebirds.click\/wp\/#organization"},"potentialAction":[{"@type":"SearchAction","target":{"@type":"EntryPoint","urlTemplate":"https:\/\/www.lovebirds.click\/wp\/?s={search_term_string}"},"query-input":{"@type":"PropertyValueSpecification","valueRequired":true,"valueName":"search_term_string"}}],"inLanguage":"de"},{"@type":"Organization","@id":"https:\/\/www.lovebirds.click\/wp\/#organization","name":"The LOVEBIRDS","url":"https:\/\/www.lovebirds.click\/wp\/","logo":{"@type":"ImageObject","inLanguage":"de","@id":"https:\/\/www.lovebirds.click\/wp\/#\/schema\/logo\/image\/","url":"","contentUrl":"","caption":"The LOVEBIRDS"},"image":{"@id":"https:\/\/www.lovebirds.click\/wp\/#\/schema\/logo\/image\/"}}]}},"jetpack_sharing_enabled":true,"_links":{"self":[{"href":"https:\/\/www.lovebirds.click\/wp\/wp-json\/wp\/v2\/pages\/325","targetHints":{"allow":["GET"]}}],"collection":[{"href":"https:\/\/www.lovebirds.click\/wp\/wp-json\/wp\/v2\/pages"}],"about":[{"href":"https:\/\/www.lovebirds.click\/wp\/wp-json\/wp\/v2\/types\/page"}],"author":[{"embeddable":true,"href":"https:\/\/www.lovebirds.click\/wp\/wp-json\/wp\/v2\/users\/1"}],"replies":[{"embeddable":true,"href":"https:\/\/www.lovebirds.click\/wp\/wp-json\/wp\/v2\/comments?post=325"}],"version-history":[{"count":7,"href":"https:\/\/www.lovebirds.click\/wp\/wp-json\/wp\/v2\/pages\/325\/revisions"}],"predecessor-version":[{"id":617,"href":"https:\/\/www.lovebirds.click\/wp\/wp-json\/wp\/v2\/pages\/325\/revisions\/617"}],"up":[{"embeddable":true,"href":"https:\/\/www.lovebirds.click\/wp\/wp-json\/wp\/v2\/pages\/178"}],"wp:attachment":[{"href":"https:\/\/www.lovebirds.click\/wp\/wp-json\/wp\/v2\/media?parent=325"}],"curies":[{"name":"wp","href":"https:\/\/api.w.org\/{rel}","templated":true}]}}